{"id":161,"date":"2018-10-24T06:19:11","date_gmt":"2018-10-24T06:19:11","guid":{"rendered":"https:\/\/isds.unibuc.ro\/?page_id=161"},"modified":"2026-02-02T07:12:14","modified_gmt":"2026-02-02T07:12:14","slug":"fees","status":"publish","type":"page","link":"https:\/\/isds.unibuc.ro\/interdisciplinary-research-training-groups\/fees\/","title":{"rendered":"<b>Fees<\/b>"},"content":{"rendered":"<div id=\"grid-gallery-23-48306\" data-gg-id=\"23\" data-title=\"FEES\" data-grid-type=\"0\" data-offset=\"5.3\" data-area-position=\"center\" data-icons=\"\" data-preloader=\"false\" data-width=\"360\" data-height=\"235\" data-padding=\"0\" data-quicksand=\"disabled\" data-quicksand-duration=\"none\" data-popup-theme=\"theme_6\" data-popup-type=\"pretty-photo\" data-popup-image-text=\"data-description\" data-popup-widthsize=\"auto\" data-popup-heightsize=\"auto\" data-popup-i18n-words=\"{&quot;close&quot;:&quot;close&quot;,&quot;next&quot;:&quot;next&quot;,&quot;previous&quot;:&quot;previous&quot;,&quot;start_slideshow&quot;:&quot;start slideshow&quot;,&quot;stop_slideshow&quot;:&quot;stop slideshow&quot;,&quot;image&quot;:&quot;image&quot;,&quot;of&quot;:&quot;of&quot;,&quot;prev&quot;:&quot;prev&quot;,&quot;cExpand&quot;:&quot;Expand&quot;,&quot;cPrevious&quot;:&quot;Previous&quot;,&quot;cNext&quot;:&quot;Next&quot;,&quot;cExpandStr&quot;:&quot;Expand the image&quot;,&quot;cRotate&quot;:&quot;Rotate&quot;,&quot;cDetails&quot;:&quot;Details&quot;}\" data-popup-slideshow=\"false\" data-popup-slideshow-speed=\"2500\" data-popup-hoverstop=\"true\" data-popup-slideshow-auto=\"false\" data-popup-background=\"\" data-popup-transparency=\"30\" data-popup-disable-history=\"\" data-popup-disable-changed-url=\"\" data-popup-border-type=\"solid\" data-popup-border-color=\"\" data-popup-border-width=\"\" data-popup-border-enable=\"\" data-fullscreen=\"false\" data-hide-tooltip=\"false\" data-caption-font-family=\"Default\" data-caption-text-size=\"140\" data-is-mobile=\"0\" data-caption-mobile=\"false\" data-hide-long-tltp-title=\"0\" data-caption-disabled-on-mobile=\"false\" data-popup-placement-type=\"0\" data-social-sharing=\"{&quot;enabled&quot;:&quot;&quot;,&quot;gallerySharing&quot;:{&quot;enabled&quot;:null,&quot;position&quot;:null},&quot;imageSharing&quot;:{&quot;enabled&quot;:null,&quot;wrapperClass&quot;:&quot; vertical &quot;},&quot;popupSharing&quot;:{&quot;enabled&quot;:null,&quot;wrapperClass&quot;:&quot; vertical &quot;}}\" class=\"grid-gallery grid-gallery-fixed \" style=\" width:100%; height:auto; margin-left:auto; margin-right:auto;position:relative;\"> <div class=\"gallery-sharing-top\" style=\"display:none;\"> <\/div> <div id=\"photos-23\" class=\"grid-gallery-photos\"><FIGURE class=\"grid-gallery-caption\" data-grid-gallery-type=\"quarter-slide-up\" data-index=\"0\" style=\"display:none;border-radius:00;; margin:5.3px; width:3600;\" ><div class=\"crop\" style=\" width:3600; height:2350; overflow:hidden;\"><img decoding=\"async\" src=\"https:\/\/isds.unibuc.ro\/wp-content\/uploads\/2018\/12\/FE2-360x235.png\" class=\"ggImg\" alt=\"FE2\" title=\"FE2\" data-description=\"FE2\" data-caption=\"FE2\" data-title=\"FE2\" style=\" width:360px; height:235px;\" \/><\/div><FIGCAPTION class=\"\" data-alpha=\"5\" style=\"color:#ffffff; background-color:#6f0000; font-size:140; text-align:left; font-family:Default;\" ><div class=\"grid-gallery-figcaption-wrap\" style=\"\"><\/div><\/FIGCAPTION><\/FIGURE><FIGURE class=\"grid-gallery-caption\" data-grid-gallery-type=\"quarter-slide-up\" data-index=\"1\" style=\"display:none;border-radius:00;; margin:5.3px; width:3600;\" ><div class=\"crop\" style=\" width:3600; height:2350; overflow:hidden;\"><img decoding=\"async\" src=\"https:\/\/isds.unibuc.ro\/wp-content\/uploads\/2018\/12\/TF-360x235.jpg\" class=\"ggImg\" alt=\"TF\" title=\"TF\" data-description=\"TF\" data-caption=\"TF\" data-title=\"TF\" style=\" width:360px; height:235px;\" \/><\/div><FIGCAPTION class=\"\" data-alpha=\"5\" style=\"color:#ffffff; background-color:#6f0000; font-size:140; text-align:left; font-family:Default;\" ><div class=\"grid-gallery-figcaption-wrap\" style=\"\"><\/div><\/FIGCAPTION><\/FIGURE> <div class=\"grid-gallery-clearfix\"><\/div> <\/div> <div class=\"gallery-sharing-bottom\" style=\"display:none;\"> <\/div> <div class=\"gallery-sharing-image\" style=\"display:none;\"> <\/div> <div class=\"gallery-sharing-popup\" style=\"display:none;\"> <\/div> <div class=\"grid-gallery-clearfix\"><\/div> <\/div> <!-- Gallery by Supsystic plugin1.15.33 --><a title=\"Wordpress Photo Gallery\" style=\"display:none;\" href=\"https:\/\/supsystic.com\/plugins\/photo-gallery\/?utm_medium=love_link\" target=\"_blank\">Wordpress Photo Gallery<\/a>\n<p style=\"text-align: center;\"><strong>Tuition fees for\u00a0 ISDS Students<\/strong><\/p>\n<p style=\"text-align: center;\"><strong>The academic<\/strong><strong> year 2026-2027<\/strong><\/p>\n<table>\n<tbody>\n<tr>\n<td width=\"319\">\n<p><span style=\"color: #000000;\"><strong>Category<\/strong><\/span><\/p>\n<\/td>\n<td width=\"319\">\n<p><span style=\"color: #000000;\">\u00a0<strong>Fee<\/strong><\/span><\/p>\n<\/td>\n<\/tr>\n<tr>\n<td width=\"319\">\n<p><span style=\"color: #000000;\">Admission<\/span><\/p>\n<\/td>\n<td width=\"319\">\n<p><span style=\"color: #000000;\">\u00a0 400 RON<br \/><\/span><\/p>\n<\/td>\n<\/tr>\n<tr>\n<td width=\"319\">\n<p><span style=\"color: #000000;\">Annual tuition fee for Romanian Citizens<\/span><\/p>\n<\/td>\n<td width=\"319\">\n<p><span style=\"color: #000000;\">\u00a0 13100 RON (years of study 1, 2 and 3)<\/span><\/p>\n<p><span style=\"color: #000000;\">\u00a0 9900 RON (4th year of studies)<\/span><\/p>\n<\/td>\n<\/tr>\n<tr>\n<td width=\"319\">\n<p><span style=\"color: #000000;\">Annual tuition fee for Non-EU Students<\/span><\/p>\n<\/td>\n<td width=\"319\">\n<p><span style=\"color: #000000;\">\u00a0 3900 euro<\/span><\/p>\n<\/td>\n<\/tr>\n<\/tbody>\n<\/table>\n<p><strong>*Students who have confirmed their place are asked to pay the registration fee of 50 RON by the end of September.<\/strong><\/p>\n<p>For non-EU candidates, the study fees must be paid in advance, for the entire academic year. The account of the University and the fees that each candidate must pay will be written on the letter of acceptance.<\/p>\n<p><em>Note: The amount of the tuition fee is approved by the University Senate and can be modified, at the beginning of each academic year, depending on the inflation rate, by rounding to 50 lei. The fee will be paid by the student in the first 30 days of the new academic year, in compliance with their student contract. <strong>Within a maximum of one working day from the date of payment of the tuition fee, the doctoral student has the obligation to present to the secretariat of ISDS-UB the proof of payment.<\/strong><\/em> <em>For the extension period, the PhD student will pay the study fee in the amount decided by the Senate.<\/em><\/p>\n<p><span style=\"color: #ff0000;\"><strong>Non-payment of the fee, may lead to the PhD student being expelled, as detailed in the student contract.\u00a0<\/strong><\/span><\/p>\n<p>The fees can be paid at the university cashier or in one of the following bank account:<\/p>\n<p>1). In RON:\u00a0<\/p>\n<p style=\"padding-left: 40px;\">Trezorerie Sector 5<\/p>\n<p style=\"padding-left: 40px;\">Account Name: Universitatea din Bucure\u0219ti (University of Bucharest)<\/p>\n<p style=\"padding-left: 40px;\">RO26TREZ70520F330500XXXX \u201eTAXE \u0218I ALTE VENITURI \u00ceN \u00ceNV\u0102\u021a\u0102M\u00c2NT\u201d<\/p>\n<p style=\"padding-left: 40px;\">Fiscal code: 4505502<\/p>\n<p>2). In EURO:<\/p>\n<p class=\"m2818545083050544773gmail-m-8643182966479513620gmail-m3674005179522141635xmsonormal\" style=\"padding-left: 40px;\">Banca Comercial\u0103\u00a0Rom\u00e2n\u0103 (B.C.R.)<\/p>\n<p class=\"m2818545083050544773gmail-m-8643182966479513620gmail-m3674005179522141635xmsonormal\" style=\"padding-left: 40px;\">Address: Sucursala Sector 5, Blvd. Tudor Vladimirescu no 57,\u00a0Sector 5, Bucharest, Romania<\/p>\n<p class=\"m2818545083050544773gmail-m-8643182966479513620gmail-m3674005179522141635xmsonormal\" style=\"padding-left: 40px;\">Account Name: Universitatea din Bucure\u0219ti (University of Bucharest)<\/p>\n<p class=\"m2818545083050544773gmail-m-8643182966479513620gmail-m3674005179522141635xmsonormal\" style=\"padding-left: 40px;\">Account Number: RO15RNCB0076010452620135\/EURO<\/p>\n<p class=\"m2818545083050544773gmail-m-8643182966479513620gmail-m3674005179522141635xmsonormal\" style=\"padding-left: 40px;\">SWIFT: RNCBROBU<\/p>\n<p class=\"m2818545083050544773gmail-m-8643182966479513620gmail-m3674005179522141635xmsonormal\" style=\"text-align: left;\"><span style=\"color: #ff0000;\"><strong>Explanation: type of fee, student name, University of Bucharest- Interdisciplinary School of Doctoral Studies, year of study\u00a0<\/strong><\/span><\/p>\n<p>Further information about ISDS-UB: \u00a0\u00a0\u00a0\u00a0\u00a0\u00a0 <a href=\"https:\/\/isds.unibuc.ro\/about-2\/\"><strong><u>About<\/u><\/strong><\/a><\/p>\n\n\n<p><\/p>\n","protected":false},"excerpt":{"rendered":"<p>Tuition fees for\u00a0 ISDS Students The academic year 2026-2027 Category \u00a0Fee Admission \u00a0 400 RON Annual tuition fee for Romanian Citizens \u00a0 13100 RON (years of study 1, 2 and 3) \u00a0 9900 RON (4th year of studies) Annual tuition fee for Non-EU Students \u00a0 3900 euro *Students who have confirmed their place are asked\u2026 <span class=\"read-more\"><a href=\"https:\/\/isds.unibuc.ro\/interdisciplinary-research-training-groups\/fees\/\">Read More &raquo;<\/a><\/span><\/p>\n","protected":false},"author":1,"featured_media":0,"parent":0,"menu_order":0,"comment_status":"closed","ping_status":"closed","template":"","meta":{"footnotes":""},"class_list":["post-161","page","type-page","status-publish","hentry"],"yoast_head":"<!-- This site is optimized with the Yoast SEO plugin v27.4 - https:\/\/yoast.com\/product\/yoast-seo-wordpress\/ -->\n<title>Fees - ISDS-UB<\/title>\n<meta name=\"robots\" content=\"index, follow, max-snippet:-1, max-image-preview:large, max-video-preview:-1\" \/>\n<link rel=\"canonical\" href=\"https:\/\/isds.unibuc.ro\/interdisciplinary-research-training-groups\/fees\/\" \/>\n<meta property=\"og:locale\" content=\"ro_RO\" \/>\n<meta property=\"og:type\" content=\"article\" \/>\n<meta property=\"og:title\" content=\"Fees - ISDS-UB\" \/>\n<meta property=\"og:description\" content=\"Tuition fees for\u00a0 ISDS Students The academic year 2026-2027 Category \u00a0Fee Admission \u00a0 400 RON Annual tuition fee for Romanian Citizens \u00a0 13100 RON (years of study 1, 2 and 3) \u00a0 9900 RON (4th year of studies) Annual tuition fee for Non-EU Students \u00a0 3900 euro *Students who have confirmed their place are asked\u2026 Read More &raquo;\" \/>\n<meta property=\"og:url\" content=\"https:\/\/isds.unibuc.ro\/interdisciplinary-research-training-groups\/fees\/\" \/>\n<meta property=\"og:site_name\" content=\"ISDS-UB\" \/>\n<meta property=\"article:modified_time\" content=\"2026-02-02T07:12:14+00:00\" \/>\n<meta name=\"twitter:card\" content=\"summary_large_image\" \/>\n<meta name=\"twitter:label1\" content=\"Timp estimat pentru citire\" \/>\n\t<meta name=\"twitter:data1\" content=\"2 minute\" \/>\n<script type=\"application\/ld+json\" class=\"yoast-schema-graph\">{\"@context\":\"https:\\\/\\\/schema.org\",\"@graph\":[{\"@type\":\"WebPage\",\"@id\":\"https:\\\/\\\/isds.unibuc.ro\\\/interdisciplinary-research-training-groups\\\/fees\\\/\",\"url\":\"https:\\\/\\\/isds.unibuc.ro\\\/interdisciplinary-research-training-groups\\\/fees\\\/\",\"name\":\"Fees - ISDS-UB\",\"isPartOf\":{\"@id\":\"https:\\\/\\\/isds.unibuc.ro\\\/interdisciplinary-research-training-groups\\\/#website\"},\"datePublished\":\"2018-10-24T06:19:11+00:00\",\"dateModified\":\"2026-02-02T07:12:14+00:00\",\"breadcrumb\":{\"@id\":\"https:\\\/\\\/isds.unibuc.ro\\\/interdisciplinary-research-training-groups\\\/fees\\\/#breadcrumb\"},\"inLanguage\":\"ro-RO\",\"potentialAction\":[{\"@type\":\"ReadAction\",\"target\":[\"https:\\\/\\\/isds.unibuc.ro\\\/interdisciplinary-research-training-groups\\\/fees\\\/\"]}]},{\"@type\":\"BreadcrumbList\",\"@id\":\"https:\\\/\\\/isds.unibuc.ro\\\/interdisciplinary-research-training-groups\\\/fees\\\/#breadcrumb\",\"itemListElement\":[{\"@type\":\"ListItem\",\"position\":1,\"name\":\"Home\",\"item\":\"https:\\\/\\\/isds.unibuc.ro\\\/interdisciplinary-research-training-groups\\\/\"},{\"@type\":\"ListItem\",\"position\":2,\"name\":\"Fees\"}]},{\"@type\":\"WebSite\",\"@id\":\"https:\\\/\\\/isds.unibuc.ro\\\/interdisciplinary-research-training-groups\\\/#website\",\"url\":\"https:\\\/\\\/isds.unibuc.ro\\\/interdisciplinary-research-training-groups\\\/\",\"name\":\"ISDS-UB\",\"description\":\"\",\"potentialAction\":[{\"@type\":\"SearchAction\",\"target\":{\"@type\":\"EntryPoint\",\"urlTemplate\":\"https:\\\/\\\/isds.unibuc.ro\\\/interdisciplinary-research-training-groups\\\/?s={search_term_string}\"},\"query-input\":{\"@type\":\"PropertyValueSpecification\",\"valueRequired\":true,\"valueName\":\"search_term_string\"}}],\"inLanguage\":\"ro-RO\"}]}<\/script>\n<!-- \/ Yoast SEO plugin. -->","yoast_head_json":{"title":"Fees - ISDS-UB","robots":{"index":"index","follow":"follow","max-snippet":"max-snippet:-1","max-image-preview":"max-image-preview:large","max-video-preview":"max-video-preview:-1"},"canonical":"https:\/\/isds.unibuc.ro\/interdisciplinary-research-training-groups\/fees\/","og_locale":"ro_RO","og_type":"article","og_title":"Fees - ISDS-UB","og_description":"Tuition fees for\u00a0 ISDS Students The academic year 2026-2027 Category \u00a0Fee Admission \u00a0 400 RON Annual tuition fee for Romanian Citizens \u00a0 13100 RON (years of study 1, 2 and 3) \u00a0 9900 RON (4th year of studies) Annual tuition fee for Non-EU Students \u00a0 3900 euro *Students who have confirmed their place are asked\u2026 Read More &raquo;","og_url":"https:\/\/isds.unibuc.ro\/interdisciplinary-research-training-groups\/fees\/","og_site_name":"ISDS-UB","article_modified_time":"2026-02-02T07:12:14+00:00","twitter_card":"summary_large_image","twitter_misc":{"Timp estimat pentru citire":"2 minute"},"schema":{"@context":"https:\/\/schema.org","@graph":[{"@type":"WebPage","@id":"https:\/\/isds.unibuc.ro\/interdisciplinary-research-training-groups\/fees\/","url":"https:\/\/isds.unibuc.ro\/interdisciplinary-research-training-groups\/fees\/","name":"Fees - ISDS-UB","isPartOf":{"@id":"https:\/\/isds.unibuc.ro\/interdisciplinary-research-training-groups\/#website"},"datePublished":"2018-10-24T06:19:11+00:00","dateModified":"2026-02-02T07:12:14+00:00","breadcrumb":{"@id":"https:\/\/isds.unibuc.ro\/interdisciplinary-research-training-groups\/fees\/#breadcrumb"},"inLanguage":"ro-RO","potentialAction":[{"@type":"ReadAction","target":["https:\/\/isds.unibuc.ro\/interdisciplinary-research-training-groups\/fees\/"]}]},{"@type":"BreadcrumbList","@id":"https:\/\/isds.unibuc.ro\/interdisciplinary-research-training-groups\/fees\/#breadcrumb","itemListElement":[{"@type":"ListItem","position":1,"name":"Home","item":"https:\/\/isds.unibuc.ro\/interdisciplinary-research-training-groups\/"},{"@type":"ListItem","position":2,"name":"Fees"}]},{"@type":"WebSite","@id":"https:\/\/isds.unibuc.ro\/interdisciplinary-research-training-groups\/#website","url":"https:\/\/isds.unibuc.ro\/interdisciplinary-research-training-groups\/","name":"ISDS-UB","description":"","potentialAction":[{"@type":"SearchAction","target":{"@type":"EntryPoint","urlTemplate":"https:\/\/isds.unibuc.ro\/interdisciplinary-research-training-groups\/?s={search_term_string}"},"query-input":{"@type":"PropertyValueSpecification","valueRequired":true,"valueName":"search_term_string"}}],"inLanguage":"ro-RO"}]}},"_links":{"self":[{"href":"https:\/\/isds.unibuc.ro\/interdisciplinary-research-training-groups\/wp-json\/wp\/v2\/pages\/161","targetHints":{"allow":["GET"]}}],"collection":[{"href":"https:\/\/isds.unibuc.ro\/interdisciplinary-research-training-groups\/wp-json\/wp\/v2\/pages"}],"about":[{"href":"https:\/\/isds.unibuc.ro\/interdisciplinary-research-training-groups\/wp-json\/wp\/v2\/types\/page"}],"author":[{"embeddable":true,"href":"https:\/\/isds.unibuc.ro\/interdisciplinary-research-training-groups\/wp-json\/wp\/v2\/users\/1"}],"replies":[{"embeddable":true,"href":"https:\/\/isds.unibuc.ro\/interdisciplinary-research-training-groups\/wp-json\/wp\/v2\/comments?post=161"}],"version-history":[{"count":27,"href":"https:\/\/isds.unibuc.ro\/interdisciplinary-research-training-groups\/wp-json\/wp\/v2\/pages\/161\/revisions"}],"predecessor-version":[{"id":7572,"href":"https:\/\/isds.unibuc.ro\/interdisciplinary-research-training-groups\/wp-json\/wp\/v2\/pages\/161\/revisions\/7572"}],"wp:attachment":[{"href":"https:\/\/isds.unibuc.ro\/interdisciplinary-research-training-groups\/wp-json\/wp\/v2\/media?parent=161"}],"curies":[{"name":"wp","href":"https:\/\/api.w.org\/{rel}","templated":true}]}}